{"id":246,"date":"2023-01-04T21:28:30","date_gmt":"2023-01-04T20:28:30","guid":{"rendered":"https:\/\/www.rzgagls.sk\/?page_id=246"},"modified":"2023-01-04T21:28:30","modified_gmt":"2023-01-04T20:28:30","slug":"kto-sme-2","status":"publish","type":"page","link":"https:\/\/www.rzgagls.sk\/?page_id=246","title":{"rendered":"Kto sme"},"content":{"rendered":"<p>SRRZ \u2013 RZ pri Gymn\u00e1ziu arm. gen. L. Svobodu so s\u00eddlom v Humennom je dobrovo\u013en\u00e9 ob\u010dianske zdru\u017eenie rodi\u010dov &#8211; z\u00e1konn\u00fdch z\u00e1stupcov deti\/\u017eiakov \u0161koly. Je pr\u00e1vnick\u00fdm neziskov\u00fdm subjektom, ktor\u00fd nepodnik\u00e1, vystupuje v pr\u00e1vnych vz\u0165ahoch vo svojom mene a nesie zodpovednos\u0165 za svoje hospod\u00e1renie, ktor\u00e9 z t\u00fdchto vz\u0165ahov vypl\u00fdva. Spolupracuje s veden\u00edm \u0161koly pri rie\u0161en\u00ed probl\u00e9mov v\u00fdchovy a vzdel\u00e1vania deti\/\u017eiakov, s ved\u00facimi predmetov\u00fdch komisi\u00ed a pedagogick\u00fdm zborom.<\/p>\n<p>&nbsp;<\/p>\n<p><a href=\"https:\/\/www.rzgagls.sk\/wp-content\/uploads\/2023\/01\/STATUT-SRRZ-RZ.pdf\" target=\"_blank\" rel=\"noopener\">\u0160TAT\u00daT SRRZ-RZ<\/a><\/p>\n<p><a href=\"https:\/\/www.rzgagls.sk\/wp-content\/uploads\/2023\/01\/STANOVY-SRRZ_12.pdf\" target=\"_blank\" rel=\"noopener\">STANOVY SRRZ<\/a><\/p>\n<p>&nbsp;<\/p>\n<p>&nbsp;<\/p>\n","protected":false},"excerpt":{"rendered":"<p>SRRZ \u2013 RZ pri Gymn\u00e1ziu arm. gen. L. Svobodu so s\u00eddlom v Humennom je dobrovo\u013en\u00e9 ob\u010dianske zdru\u017eenie rodi\u010dov &#8211; z\u00e1konn\u00fdch z\u00e1stupcov deti\/\u017eiakov \u0161koly. Je pr\u00e1vnick\u00fdm neziskov\u00fdm subjektom, ktor\u00fd nepodnik\u00e1, vystupuje v pr\u00e1vnych vz\u0165ahoch vo svojom mene a nesie zodpovednos\u0165 za svoje hospod\u00e1renie, ktor\u00e9 z t\u00fdchto vz\u0165ahov vypl\u00fdva. Spolupracuje s veden\u00edm \u0161koly pri rie\u0161en\u00ed probl\u00e9mov v\u00fdchovy [&hellip;]<\/p>\n","protected":false},"author":1,"featured_media":0,"parent":0,"menu_order":0,"comment_status":"closed","ping_status":"closed","template":"","meta":{"footnotes":""},"class_list":["post-246","page","type-page","status-publish","hentry"],"_links":{"self":[{"href":"https:\/\/www.rzgagls.sk\/index.php?rest_route=\/wp\/v2\/pages\/246","targetHints":{"allow":["GET"]}}],"collection":[{"href":"https:\/\/www.rzgagls.sk\/index.php?rest_route=\/wp\/v2\/pages"}],"about":[{"href":"https:\/\/www.rzgagls.sk\/index.php?rest_route=\/wp\/v2\/types\/page"}],"author":[{"embeddable":true,"href":"https:\/\/www.rzgagls.sk\/index.php?rest_route=\/wp\/v2\/users\/1"}],"replies":[{"embeddable":true,"href":"https:\/\/www.rzgagls.sk\/index.php?rest_route=%2Fwp%2Fv2%2Fcomments&post=246"}],"version-history":[{"count":1,"href":"https:\/\/www.rzgagls.sk\/index.php?rest_route=\/wp\/v2\/pages\/246\/revisions"}],"predecessor-version":[{"id":247,"href":"https:\/\/www.rzgagls.sk\/index.php?rest_route=\/wp\/v2\/pages\/246\/revisions\/247"}],"wp:attachment":[{"href":"https:\/\/www.rzgagls.sk\/index.php?rest_route=%2Fwp%2Fv2%2Fmedia&parent=246"}],"curies":[{"name":"wp","href":"https:\/\/api.w.org\/{rel}","templated":true}]}}